{"id":514,"date":"2025-12-11T06:34:03","date_gmt":"2025-12-11T06:34:03","guid":{"rendered":"https:\/\/gedankenstark.de\/?page_id=514"},"modified":"2026-02-10T15:56:25","modified_gmt":"2026-02-10T15:56:25","slug":"buchen","status":"publish","type":"page","link":"https:\/\/gedankenstark.de\/en\/buchen\/","title":{"rendered":"buchen"},"content":{"rendered":"<figure class=\"wp-block-image size-full is-resized\"><img fetchpriority=\"high\" decoding=\"async\" width=\"888\" height=\"200\" src=\"https:\/\/gedankenstark.de\/wp-content\/uploads\/2026\/02\/FITMINDREBELS-Schriftzug.png\" alt=\"\" class=\"wp-image-582\" style=\"aspect-ratio:3.571637892590941;object-fit:contain;width:291px;height:auto\" srcset=\"https:\/\/gedankenstark.de\/wp-content\/uploads\/2026\/02\/FITMINDREBELS-Schriftzug.png 888w, https:\/\/gedankenstark.de\/wp-content\/uploads\/2026\/02\/FITMINDREBELS-Schriftzug-300x68.png 300w, https:\/\/gedankenstark.de\/wp-content\/uploads\/2026\/02\/FITMINDREBELS-Schriftzug-768x173.png 768w, https:\/\/gedankenstark.de\/wp-content\/uploads\/2026\/02\/FITMINDREBELS-Schriftzug-18x4.png 18w\" sizes=\"(max-width: 888px) 100vw, 888px\" \/><\/figure>\n\n\n\n<h2 class=\"wp-block-heading\">Mentales Training buchen<\/h2>\n\n\n\n<div class=\"wp-block-media-text is-stacked-on-mobile\" style=\"grid-template-columns:27% auto\"><figure class=\"wp-block-media-text__media\"><img decoding=\"async\" width=\"1024\" height=\"1024\" src=\"https:\/\/gedankenstark.de\/wp-content\/uploads\/2026\/02\/FitMindRebels26-2-1024x1024.png\" alt=\"\" class=\"wp-image-578 size-full\" srcset=\"https:\/\/gedankenstark.de\/wp-content\/uploads\/2026\/02\/FitMindRebels26-2-1024x1024.png 1024w, https:\/\/gedankenstark.de\/wp-content\/uploads\/2026\/02\/FitMindRebels26-2-300x300.png 300w, https:\/\/gedankenstark.de\/wp-content\/uploads\/2026\/02\/FitMindRebels26-2-150x150.png 150w, https:\/\/gedankenstark.de\/wp-content\/uploads\/2026\/02\/FitMindRebels26-2-768x768.png 768w, https:\/\/gedankenstark.de\/wp-content\/uploads\/2026\/02\/FitMindRebels26-2-12x12.png 12w, https:\/\/gedankenstark.de\/wp-content\/uploads\/2026\/02\/FitMindRebels26-2.png 1080w\" sizes=\"(max-width: 1024px) 100vw, 1024px\" \/><\/figure><div class=\"wp-block-media-text__content\">\n<p><strong>Train your mind like your body.<\/strong><\/p>\n\n\n\n<p><strong>FitMindRebels<\/strong>&nbsp;ist dein&nbsp;<strong>8-w\u00f6chiger Kurs f\u00fcr mentales Training<\/strong>.<\/p>\n\n\n\n<p>Mehr Fokus. Mehr Selbstvertrauen. Bessere Leistung.<\/p>\n\n\n\n<p><strong>Jetzt Platz sichern<\/strong><\/p>\n\n\n\n<p><em>Start am 20.02.2026 inkl. \u00dcbungen \u00b7 8 x W\u00f6chentliche digitale Meetings (Zoom)<\/em><\/p>\n\n\n\n<div class=\"wp-block-buttons is-layout-flex wp-block-buttons-is-layout-flex\">\n<div class=\"wp-block-button is-style-fill\"><a class=\"wp-block-button__link has-ast-global-color-0-background-color has-background wp-element-button\" href=\"https:\/\/jabs.sumupstore.com\/produkt\/fmr-kurs-fur-mentales-training\">FMR &#8211; Kurs buchen<\/a><\/div>\n<\/div>\n<\/div><\/div>\n\n\n\n<div style=\"height:100px\" aria-hidden=\"true\" class=\"wp-block-spacer\"><\/div>\n\n\n\n<div style=\"height:100px\" aria-hidden=\"true\" class=\"wp-block-spacer\"><\/div>\n\n\n\n<figure class=\"wp-block-image size-full is-resized\"><img decoding=\"async\" width=\"1000\" height=\"280\" src=\"https:\/\/gedankenstark.de\/wp-content\/uploads\/2025\/10\/gedankenstark-logo_mokka.png\" alt=\"gedankenstark coaching K\u00f6ln Logo\" class=\"wp-image-50\" style=\"aspect-ratio:3.571637892590941;object-fit:contain;width:291px;height:auto\" srcset=\"https:\/\/gedankenstark.de\/wp-content\/uploads\/2025\/10\/gedankenstark-logo_mokka.png 1000w, https:\/\/gedankenstark.de\/wp-content\/uploads\/2025\/10\/gedankenstark-logo_mokka-300x84.png 300w, https:\/\/gedankenstark.de\/wp-content\/uploads\/2025\/10\/gedankenstark-logo_mokka-768x215.png 768w\" sizes=\"(max-width: 1000px) 100vw, 1000px\" \/><\/figure>\n\n\n\n<h2 class=\"wp-block-heading\">Coaching buchen<\/h2>\n\n\n\n<div style=\"height:100px\" aria-hidden=\"true\" class=\"wp-block-spacer\"><\/div>\n\n\n\n<div class=\"wp-block-media-text is-stacked-on-mobile\" style=\"grid-template-columns:27% auto\"><figure class=\"wp-block-media-text__media\"><img loading=\"lazy\" decoding=\"async\" width=\"1024\" height=\"1024\" src=\"https:\/\/gedankenstark.de\/wp-content\/uploads\/2025\/12\/gs-angebote-Coaching-START-1024x1024.jpeg\" alt=\"\" class=\"wp-image-469 size-full\" srcset=\"https:\/\/gedankenstark.de\/wp-content\/uploads\/2025\/12\/gs-angebote-Coaching-START-1024x1024.jpeg 1024w, https:\/\/gedankenstark.de\/wp-content\/uploads\/2025\/12\/gs-angebote-Coaching-START-300x300.jpeg 300w, https:\/\/gedankenstark.de\/wp-content\/uploads\/2025\/12\/gs-angebote-Coaching-START-150x150.jpeg 150w, https:\/\/gedankenstark.de\/wp-content\/uploads\/2025\/12\/gs-angebote-Coaching-START-768x768.jpeg 768w, https:\/\/gedankenstark.de\/wp-content\/uploads\/2025\/12\/gs-angebote-Coaching-START-12x12.jpeg 12w, https:\/\/gedankenstark.de\/wp-content\/uploads\/2025\/12\/gs-angebote-Coaching-START.jpeg 1080w\" sizes=\"(max-width: 1024px) 100vw, 1024px\" \/><\/figure><div class=\"wp-block-media-text__content\">\n<p><strong>Du willst endlich losgehen, aber noch fehlt dir der innere Kompass?<\/strong><\/p>\n\n\n\n<p>Im Coaching&nbsp;START bekommst du einen gesch\u00fctzten Reflexionsraum, in dem du Ordnung in deine Gedanken bringst und neue Perspektiven gewinnst. Gemeinsam sch\u00e4rfen wir dein Thema so, dass du wei\u00dft,&nbsp;<strong>wo du stehst und welcher Schritt jetzt wirklich Sinn ergibt.<\/strong><\/p>\n\n\n\n<div class=\"wp-block-buttons is-layout-flex wp-block-buttons-is-layout-flex\">\n<div class=\"wp-block-button\"><a class=\"wp-block-button__link wp-element-button\" href=\"https:\/\/jabs.sumupstore.com\/produkt\/gedankenstark-coaching-start\">START Coaching buchen<\/a><\/div>\n<\/div>\n<\/div><\/div>\n\n\n\n<hr class=\"wp-block-separator has-text-color has-ast-global-color-2-color has-alpha-channel-opacity has-ast-global-color-2-background-color has-background is-style-wide\" style=\"margin-top:var(--wp--preset--spacing--70);margin-bottom:var(--wp--preset--spacing--70)\"\/>\n\n\n\n<div class=\"wp-block-media-text has-media-on-the-right is-stacked-on-mobile\" style=\"grid-template-columns:auto 27%\"><div class=\"wp-block-media-text__content\">\n<p><strong>Du stehst vor einer wichtigen Entscheidung <strong>\u2013<\/strong> privat, beruflich oder sportlich \u2013 und willst Klarheit statt Gr\u00fcbeln?<\/strong><\/p>\n\n\n\n<p>Im Coaching ENTSCHEIDUNG&nbsp;arbeiten wir mit mentalen Modellen und systemischen Fragen, um herauszufinden, welche Priorit\u00e4t es gerade gibt und welche Entscheidung wirklich zu dir passt. Du lernst das Ameta-Perspektiven-Modell kennen und dein Bauchgef\u00fchl wieder ernst zu nehmen.<\/p>\n\n\n\n<div class=\"wp-block-buttons is-layout-flex wp-block-buttons-is-layout-flex\">\n<div class=\"wp-block-button\"><a class=\"wp-block-button__link wp-element-button\" href=\"https:\/\/jabs.sumupstore.com\/produkt\/gedankenstark-coaching-entscheidung\">ENTSCHEIDUNG Coaching buchen<\/a><\/div>\n<\/div>\n<\/div><figure class=\"wp-block-media-text__media\"><img loading=\"lazy\" decoding=\"async\" width=\"1024\" height=\"1024\" src=\"https:\/\/gedankenstark.de\/wp-content\/uploads\/2025\/11\/gedankenstark-Coaching-Entscheidung-1024x1024.jpeg\" alt=\"\" class=\"wp-image-443 size-full\" srcset=\"https:\/\/gedankenstark.de\/wp-content\/uploads\/2025\/11\/gedankenstark-Coaching-Entscheidung-1024x1024.jpeg 1024w, https:\/\/gedankenstark.de\/wp-content\/uploads\/2025\/11\/gedankenstark-Coaching-Entscheidung-300x300.jpeg 300w, https:\/\/gedankenstark.de\/wp-content\/uploads\/2025\/11\/gedankenstark-Coaching-Entscheidung-150x150.jpeg 150w, https:\/\/gedankenstark.de\/wp-content\/uploads\/2025\/11\/gedankenstark-Coaching-Entscheidung-768x768.jpeg 768w, https:\/\/gedankenstark.de\/wp-content\/uploads\/2025\/11\/gedankenstark-Coaching-Entscheidung-12x12.jpeg 12w, https:\/\/gedankenstark.de\/wp-content\/uploads\/2025\/11\/gedankenstark-Coaching-Entscheidung.jpeg 1080w\" sizes=\"(max-width: 1024px) 100vw, 1024px\" \/><\/figure><\/div>\n\n\n\n<hr class=\"wp-block-separator has-text-color has-ast-global-color-2-color has-alpha-channel-opacity has-ast-global-color-2-background-color has-background is-style-wide\" style=\"margin-top:var(--wp--preset--spacing--70);margin-bottom:var(--wp--preset--spacing--70)\"\/>\n\n\n\n<div class=\"wp-block-media-text is-stacked-on-mobile\" style=\"grid-template-columns:27% auto\"><figure class=\"wp-block-media-text__media\"><img loading=\"lazy\" decoding=\"async\" width=\"1024\" height=\"1024\" src=\"https:\/\/gedankenstark.de\/wp-content\/uploads\/2025\/11\/gedankenstark-Coaching-Potenzial-1024x1024.jpeg\" alt=\"\" class=\"wp-image-445 size-full\" srcset=\"https:\/\/gedankenstark.de\/wp-content\/uploads\/2025\/11\/gedankenstark-Coaching-Potenzial-1024x1024.jpeg 1024w, https:\/\/gedankenstark.de\/wp-content\/uploads\/2025\/11\/gedankenstark-Coaching-Potenzial-300x300.jpeg 300w, https:\/\/gedankenstark.de\/wp-content\/uploads\/2025\/11\/gedankenstark-Coaching-Potenzial-150x150.jpeg 150w, https:\/\/gedankenstark.de\/wp-content\/uploads\/2025\/11\/gedankenstark-Coaching-Potenzial-768x768.jpeg 768w, https:\/\/gedankenstark.de\/wp-content\/uploads\/2025\/11\/gedankenstark-Coaching-Potenzial-12x12.jpeg 12w, https:\/\/gedankenstark.de\/wp-content\/uploads\/2025\/11\/gedankenstark-Coaching-Potenzial.jpeg 1080w\" sizes=\"(max-width: 1024px) 100vw, 1024px\" \/><\/figure><div class=\"wp-block-media-text__content\">\n<p><strong><strong>Du sp\u00fcrst, dass in dir mehr steckt, aber dir fehlt der Zugang dazu?<\/strong><\/strong><\/p>\n\n\n\n<p>Im Coaching POTENZIALE&nbsp;machen wir eine Reise zu deinen F\u00e4higkeiten und Ressourcen. Du erkennst, was dich stark macht und wo Entwicklung m\u00f6glich ist. Aktiviere versteckte Potenziale f\u00fcr dein mentales und emotionales Wachstum. Es steckt so viel in deiner Pers\u00f6nlichkeit.<br><\/p>\n\n\n\n<div class=\"wp-block-buttons is-layout-flex wp-block-buttons-is-layout-flex\">\n<div class=\"wp-block-button\"><a class=\"wp-block-button__link wp-element-button\" href=\"https:\/\/jabs.sumupstore.com\/produkt\/gedankenstark-coaching-potenziale\">POTENZIALE Coaching buchen<\/a><\/div>\n<\/div>\n<\/div><\/div>\n\n\n\n<hr class=\"wp-block-separator has-text-color has-ast-global-color-2-color has-alpha-channel-opacity has-ast-global-color-2-background-color has-background is-style-wide\" style=\"margin-top:var(--wp--preset--spacing--70);margin-bottom:var(--wp--preset--spacing--70)\"\/>\n\n\n\n<div class=\"wp-block-media-text has-media-on-the-right is-stacked-on-mobile\" style=\"grid-template-columns:auto 27%\"><div class=\"wp-block-media-text__content\">\n<p><strong>Du willst Druck besser managen, deine innere Pr\u00e4senz st\u00e4rken oder mentale Tools im Alltag anwenden?<\/strong><\/p>\n\n\n\n<p>Im Coaching <strong>MENTALE ST\u00c4RKE<\/strong> bekommst du praxisnahe mentale Techniken, die du direkt im Alltag anwenden kannst. Du lernst die komplexe Wechselwirkung zwischen Denken, F\u00fchlen und Handeln&nbsp;besser kennen. Die besten Methoden kennen um herausfordernde Situationen souver\u00e4n zu meistern und fokussiert dein Ziel zu verfolgen.<\/p>\n\n\n\n<div class=\"wp-block-buttons is-layout-flex wp-block-buttons-is-layout-flex\">\n<div class=\"wp-block-button\"><a class=\"wp-block-button__link wp-element-button\" href=\"https:\/\/jabs.sumupstore.com\/produkt\/gedankenstark-coaching-mentale-starke\">MENTALE ST\u00c4RKE Coaching buchen<\/a><\/div>\n<\/div>\n<\/div><figure class=\"wp-block-media-text__media\"><img loading=\"lazy\" decoding=\"async\" width=\"1024\" height=\"1024\" src=\"https:\/\/gedankenstark.de\/wp-content\/uploads\/2025\/11\/gedankenstark-Coaching-Mentale-Staerke-1024x1024.jpeg\" alt=\"\" class=\"wp-image-447 size-full\" srcset=\"https:\/\/gedankenstark.de\/wp-content\/uploads\/2025\/11\/gedankenstark-Coaching-Mentale-Staerke-1024x1024.jpeg 1024w, https:\/\/gedankenstark.de\/wp-content\/uploads\/2025\/11\/gedankenstark-Coaching-Mentale-Staerke-300x300.jpeg 300w, https:\/\/gedankenstark.de\/wp-content\/uploads\/2025\/11\/gedankenstark-Coaching-Mentale-Staerke-150x150.jpeg 150w, https:\/\/gedankenstark.de\/wp-content\/uploads\/2025\/11\/gedankenstark-Coaching-Mentale-Staerke-768x768.jpeg 768w, https:\/\/gedankenstark.de\/wp-content\/uploads\/2025\/11\/gedankenstark-Coaching-Mentale-Staerke-12x12.jpeg 12w, https:\/\/gedankenstark.de\/wp-content\/uploads\/2025\/11\/gedankenstark-Coaching-Mentale-Staerke.jpeg 1080w\" sizes=\"(max-width: 1024px) 100vw, 1024px\" \/><\/figure><\/div>\n\n\n\n<hr class=\"wp-block-separator has-text-color has-ast-global-color-2-color has-alpha-channel-opacity has-ast-global-color-2-background-color has-background is-style-wide\" style=\"margin-top:var(--wp--preset--spacing--70);margin-bottom:var(--wp--preset--spacing--70)\"\/>\n\n\n\n<div class=\"wp-block-media-text is-stacked-on-mobile\" style=\"grid-template-columns:27% auto\"><figure class=\"wp-block-media-text__media\"><img loading=\"lazy\" decoding=\"async\" width=\"1024\" height=\"1024\" src=\"https:\/\/gedankenstark.de\/wp-content\/uploads\/2025\/11\/gedankenstark-Coaching-Orientierung-1024x1024.jpeg\" alt=\"\" class=\"wp-image-449 size-full\" srcset=\"https:\/\/gedankenstark.de\/wp-content\/uploads\/2025\/11\/gedankenstark-Coaching-Orientierung-1024x1024.jpeg 1024w, https:\/\/gedankenstark.de\/wp-content\/uploads\/2025\/11\/gedankenstark-Coaching-Orientierung-300x300.jpeg 300w, https:\/\/gedankenstark.de\/wp-content\/uploads\/2025\/11\/gedankenstark-Coaching-Orientierung-150x150.jpeg 150w, https:\/\/gedankenstark.de\/wp-content\/uploads\/2025\/11\/gedankenstark-Coaching-Orientierung-768x768.jpeg 768w, https:\/\/gedankenstark.de\/wp-content\/uploads\/2025\/11\/gedankenstark-Coaching-Orientierung-12x12.jpeg 12w, https:\/\/gedankenstark.de\/wp-content\/uploads\/2025\/11\/gedankenstark-Coaching-Orientierung.jpeg 1080w\" sizes=\"(max-width: 1024px) 100vw, 1024px\" \/><\/figure><div class=\"wp-block-media-text__content\">\n<p><strong><strong>Du bist in einer Ver\u00e4nderungsphase und suchst <\/strong>Orientierung?<\/strong><\/p>\n\n\n\n<p>Im Coaching ORIENTIERUNG&nbsp;schaffen wir einen klar strukturierten Reflexionsraum, in dem du sortierst, was bleibt und was du loslassen darfst. und wohin du dich entwickeln willst. Du erarbeitest hilfreiche  Perspektiven, die dich mit mentaler Klarheit und innerer Stabilit\u00e4t durch die \u00dcbergangsphase f\u00fchren.<br><\/p>\n\n\n\n<div class=\"wp-block-buttons is-layout-flex wp-block-buttons-is-layout-flex\">\n<div class=\"wp-block-button\"><a class=\"wp-block-button__link wp-element-button\" href=\"https:\/\/jabs.sumupstore.com\/produkt\/gedankenstark-coaching-orientierung\">ORIENTIERUNG Coaching buchen<\/a><\/div>\n<\/div>\n<\/div><\/div>\n\n\n\n<p><\/p>\n\n\n\n<div style=\"height:100px\" aria-hidden=\"true\" class=\"wp-block-spacer\"><\/div>","protected":false},"excerpt":{"rendered":"<p>Mentales Training buchen Coaching buchen<\/p>","protected":false},"author":1,"featured_media":0,"parent":0,"menu_order":0,"comment_status":"closed","ping_status":"closed","template":"","meta":{"site-sidebar-layout":"default","site-content-layout":"","ast-site-content-layout":"default","site-content-style":"default","site-sidebar-style":"default","ast-global-header-display":"","ast-banner-title-visibility":"","ast-main-header-display":"","ast-hfb-above-header-display":"","ast-hfb-below-header-display":"","ast-hfb-mobile-header-display":"","site-post-title":"disabled","ast-breadcrumbs-content":"","ast-featured-img":"","footer-sml-layout":"","ast-disable-related-posts":"","theme-transparent-header-meta":"","adv-header-id-meta":"","stick-header-meta":"","header-above-stick-meta":"","header-main-stick-meta":"","header-below-stick-meta":"","astra-migrate-meta-layouts":"default","ast-page-background-enabled":"default","ast-page-background-meta":{"desktop":{"background-color":"var(--ast-global-color-5)","background-image":"","background-repeat":"repeat","background-position":"center center","background-size":"auto","background-attachment":"scroll","background-type":"","background-media":"","overlay-type":"","overlay-color":"","overlay-opacity":"","overlay-gradient":""},"tablet":{"background-color":"","background-image":"","background-repeat":"repeat","background-position":"center center","background-size":"auto","background-attachment":"scroll","background-type":"","background-media":"","overlay-type":"","overlay-color":"","overlay-opacity":"","overlay-gradient":""},"mobile":{"background-color":"","background-image":"","background-repeat":"repeat","background-position":"center center","background-size":"auto","background-attachment":"scroll","background-type":"","background-media":"","overlay-type":"","overlay-color":"","overlay-opacity":"","overlay-gradient":""}},"ast-content-background-meta":{"desktop":{"background-color":"var(--ast-global-color-4)","background-image":"","background-repeat":"repeat","background-position":"center center","background-size":"auto","background-attachment":"scroll","background-type":"","background-media":"","overlay-type":"","overlay-color":"","overlay-opacity":"","overlay-gradient":""},"tablet":{"background-color":"var(--ast-global-color-4)","background-image":"","background-repeat":"repeat","background-position":"center center","background-size":"auto","background-attachment":"scroll","background-type":"","background-media":"","overlay-type":"","overlay-color":"","overlay-opacity":"","overlay-gradient":""},"mobile":{"background-color":"var(--ast-global-color-4)","background-image":"","background-repeat":"repeat","background-position":"center center","background-size":"auto","background-attachment":"scroll","background-type":"","background-media":"","overlay-type":"","overlay-color":"","overlay-opacity":"","overlay-gradient":""}},"footnotes":""},"class_list":["post-514","page","type-page","status-publish","hentry"],"yoast_head":"<!-- This site is optimized with the Yoast SEO plugin v26.9 - https:\/\/yoast.com\/product\/yoast-seo-wordpress\/ -->\n<title>buchen - gedankenstark by Jenny Ameta<\/title>\n<meta name=\"description\" content=\"gedankenstark Angebote buchen - Coaching und Mentales Training f\u00fcr bessere Perspektiven und Entscheidungen\" \/>\n<meta name=\"robots\" content=\"index, follow, max-snippet:-1, max-image-preview:large, max-video-preview:-1\" \/>\n<link rel=\"canonical\" href=\"https:\/\/gedankenstark.de\/en\/buchen\/\" \/>\n<meta property=\"og:locale\" content=\"en_US\" \/>\n<meta property=\"og:type\" content=\"article\" \/>\n<meta property=\"og:title\" content=\"buchen - gedankenstark by Jenny Ameta\" \/>\n<meta property=\"og:description\" content=\"gedankenstark Angebote buchen - Coaching und Mentales Training f\u00fcr bessere Perspektiven und Entscheidungen\" \/>\n<meta property=\"og:url\" content=\"https:\/\/gedankenstark.de\/en\/buchen\/\" \/>\n<meta property=\"og:site_name\" content=\"gedankenstark by Jenny Ameta\" \/>\n<meta property=\"article:modified_time\" content=\"2026-02-10T15:56:25+00:00\" \/>\n<meta property=\"og:image\" content=\"https:\/\/gedankenstark.de\/wp-content\/uploads\/2026\/02\/FITMINDREBELS-Schriftzug.png\" \/>\n\t<meta property=\"og:image:width\" content=\"888\" \/>\n\t<meta property=\"og:image:height\" content=\"200\" \/>\n\t<meta property=\"og:image:type\" content=\"image\/png\" \/>\n<meta name=\"twitter:card\" content=\"summary_large_image\" \/>\n<meta name=\"twitter:label1\" content=\"Est. reading time\" \/>\n\t<meta name=\"twitter:data1\" content=\"4 minutes\" \/>\n<script type=\"application\/ld+json\" class=\"yoast-schema-graph\">{\"@context\":\"https:\/\/schema.org\",\"@graph\":[{\"@type\":\"WebPage\",\"@id\":\"https:\/\/gedankenstark.de\/buchen\/\",\"url\":\"https:\/\/gedankenstark.de\/buchen\/\",\"name\":\"buchen - gedankenstark by Jenny Ameta\",\"isPartOf\":{\"@id\":\"https:\/\/gedankenstark.de\/#website\"},\"primaryImageOfPage\":{\"@id\":\"https:\/\/gedankenstark.de\/buchen\/#primaryimage\"},\"image\":{\"@id\":\"https:\/\/gedankenstark.de\/buchen\/#primaryimage\"},\"thumbnailUrl\":\"https:\/\/gedankenstark.de\/wp-content\/uploads\/2026\/02\/FITMINDREBELS-Schriftzug.png\",\"datePublished\":\"2025-12-11T06:34:03+00:00\",\"dateModified\":\"2026-02-10T15:56:25+00:00\",\"description\":\"gedankenstark Angebote buchen - Coaching und Mentales Training f\u00fcr bessere Perspektiven und Entscheidungen\",\"breadcrumb\":{\"@id\":\"https:\/\/gedankenstark.de\/buchen\/#breadcrumb\"},\"inLanguage\":\"en-US\",\"potentialAction\":[{\"@type\":\"ReadAction\",\"target\":[\"https:\/\/gedankenstark.de\/buchen\/\"]}]},{\"@type\":\"ImageObject\",\"inLanguage\":\"en-US\",\"@id\":\"https:\/\/gedankenstark.de\/buchen\/#primaryimage\",\"url\":\"https:\/\/gedankenstark.de\/wp-content\/uploads\/2026\/02\/FITMINDREBELS-Schriftzug.png\",\"contentUrl\":\"https:\/\/gedankenstark.de\/wp-content\/uploads\/2026\/02\/FITMINDREBELS-Schriftzug.png\"},{\"@type\":\"BreadcrumbList\",\"@id\":\"https:\/\/gedankenstark.de\/buchen\/#breadcrumb\",\"itemListElement\":[{\"@type\":\"ListItem\",\"position\":1,\"name\":\"Startseite\",\"item\":\"https:\/\/gedankenstark.de\/\"},{\"@type\":\"ListItem\",\"position\":2,\"name\":\"buchen\"}]},{\"@type\":\"WebSite\",\"@id\":\"https:\/\/gedankenstark.de\/#website\",\"url\":\"https:\/\/gedankenstark.de\/\",\"name\":\"gedankenstark by Jenny Ameta\",\"description\":\"Coaching und Mentales Training\",\"publisher\":{\"@id\":\"https:\/\/gedankenstark.de\/#organization\"},\"alternateName\":\"gedankenstark coaching\",\"potentialAction\":[{\"@type\":\"SearchAction\",\"target\":{\"@type\":\"EntryPoint\",\"urlTemplate\":\"https:\/\/gedankenstark.de\/?s={search_term_string}\"},\"query-input\":{\"@type\":\"PropertyValueSpecification\",\"valueRequired\":true,\"valueName\":\"search_term_string\"}}],\"inLanguage\":\"en-US\"},{\"@type\":\"Organization\",\"@id\":\"https:\/\/gedankenstark.de\/#organization\",\"name\":\"gedankenstark by Jenny Ameta\",\"url\":\"https:\/\/gedankenstark.de\/\",\"logo\":{\"@type\":\"ImageObject\",\"inLanguage\":\"en-US\",\"@id\":\"https:\/\/gedankenstark.de\/#\/schema\/logo\/image\/\",\"url\":\"https:\/\/gedankenstark.de\/wp-content\/uploads\/2025\/10\/gedankenstark-logo_mokka.png\",\"contentUrl\":\"https:\/\/gedankenstark.de\/wp-content\/uploads\/2025\/10\/gedankenstark-logo_mokka.png\",\"width\":1000,\"height\":280,\"caption\":\"gedankenstark by Jenny Ameta\"},\"image\":{\"@id\":\"https:\/\/gedankenstark.de\/#\/schema\/logo\/image\/\"},\"sameAs\":[\"http:\/\/www.linkedin.com\/in\/jenny-ameta\",\"https:\/\/www.instagram.com\/gedankenstark.de\/\"]}]}<\/script>\n<!-- \/ Yoast SEO plugin. -->","yoast_head_json":{"title":"buchen - gedankenstark by Jenny Ameta","description":"gedankenstark Angebote buchen - Coaching und Mentales Training f\u00fcr bessere Perspektiven und Entscheidungen","robots":{"index":"index","follow":"follow","max-snippet":"max-snippet:-1","max-image-preview":"max-image-preview:large","max-video-preview":"max-video-preview:-1"},"canonical":"https:\/\/gedankenstark.de\/en\/buchen\/","og_locale":"en_US","og_type":"article","og_title":"buchen - gedankenstark by Jenny Ameta","og_description":"gedankenstark Angebote buchen - Coaching und Mentales Training f\u00fcr bessere Perspektiven und Entscheidungen","og_url":"https:\/\/gedankenstark.de\/en\/buchen\/","og_site_name":"gedankenstark by Jenny Ameta","article_modified_time":"2026-02-10T15:56:25+00:00","og_image":[{"width":888,"height":200,"url":"https:\/\/gedankenstark.de\/wp-content\/uploads\/2026\/02\/FITMINDREBELS-Schriftzug.png","type":"image\/png"}],"twitter_card":"summary_large_image","twitter_misc":{"Est. reading time":"4 minutes"},"schema":{"@context":"https:\/\/schema.org","@graph":[{"@type":"WebPage","@id":"https:\/\/gedankenstark.de\/buchen\/","url":"https:\/\/gedankenstark.de\/buchen\/","name":"buchen - gedankenstark by Jenny Ameta","isPartOf":{"@id":"https:\/\/gedankenstark.de\/#website"},"primaryImageOfPage":{"@id":"https:\/\/gedankenstark.de\/buchen\/#primaryimage"},"image":{"@id":"https:\/\/gedankenstark.de\/buchen\/#primaryimage"},"thumbnailUrl":"https:\/\/gedankenstark.de\/wp-content\/uploads\/2026\/02\/FITMINDREBELS-Schriftzug.png","datePublished":"2025-12-11T06:34:03+00:00","dateModified":"2026-02-10T15:56:25+00:00","description":"gedankenstark Angebote buchen - Coaching und Mentales Training f\u00fcr bessere Perspektiven und Entscheidungen","breadcrumb":{"@id":"https:\/\/gedankenstark.de\/buchen\/#breadcrumb"},"inLanguage":"en-US","potentialAction":[{"@type":"ReadAction","target":["https:\/\/gedankenstark.de\/buchen\/"]}]},{"@type":"ImageObject","inLanguage":"en-US","@id":"https:\/\/gedankenstark.de\/buchen\/#primaryimage","url":"https:\/\/gedankenstark.de\/wp-content\/uploads\/2026\/02\/FITMINDREBELS-Schriftzug.png","contentUrl":"https:\/\/gedankenstark.de\/wp-content\/uploads\/2026\/02\/FITMINDREBELS-Schriftzug.png"},{"@type":"BreadcrumbList","@id":"https:\/\/gedankenstark.de\/buchen\/#breadcrumb","itemListElement":[{"@type":"ListItem","position":1,"name":"Startseite","item":"https:\/\/gedankenstark.de\/"},{"@type":"ListItem","position":2,"name":"buchen"}]},{"@type":"WebSite","@id":"https:\/\/gedankenstark.de\/#website","url":"https:\/\/gedankenstark.de\/","name":"gedankenstark by Jenny Ameta","description":"Coaching und Mentales Training","publisher":{"@id":"https:\/\/gedankenstark.de\/#organization"},"alternateName":"gedankenstark coaching","potentialAction":[{"@type":"SearchAction","target":{"@type":"EntryPoint","urlTemplate":"https:\/\/gedankenstark.de\/?s={search_term_string}"},"query-input":{"@type":"PropertyValueSpecification","valueRequired":true,"valueName":"search_term_string"}}],"inLanguage":"en-US"},{"@type":"Organization","@id":"https:\/\/gedankenstark.de\/#organization","name":"gedankenstark by Jenny Ameta","url":"https:\/\/gedankenstark.de\/","logo":{"@type":"ImageObject","inLanguage":"en-US","@id":"https:\/\/gedankenstark.de\/#\/schema\/logo\/image\/","url":"https:\/\/gedankenstark.de\/wp-content\/uploads\/2025\/10\/gedankenstark-logo_mokka.png","contentUrl":"https:\/\/gedankenstark.de\/wp-content\/uploads\/2025\/10\/gedankenstark-logo_mokka.png","width":1000,"height":280,"caption":"gedankenstark by Jenny Ameta"},"image":{"@id":"https:\/\/gedankenstark.de\/#\/schema\/logo\/image\/"},"sameAs":["http:\/\/www.linkedin.com\/in\/jenny-ameta","https:\/\/www.instagram.com\/gedankenstark.de\/"]}]}},"_links":{"self":[{"href":"https:\/\/gedankenstark.de\/en\/wp-json\/wp\/v2\/pages\/514","targetHints":{"allow":["GET"]}}],"collection":[{"href":"https:\/\/gedankenstark.de\/en\/wp-json\/wp\/v2\/pages"}],"about":[{"href":"https:\/\/gedankenstark.de\/en\/wp-json\/wp\/v2\/types\/page"}],"author":[{"embeddable":true,"href":"https:\/\/gedankenstark.de\/en\/wp-json\/wp\/v2\/users\/1"}],"replies":[{"embeddable":true,"href":"https:\/\/gedankenstark.de\/en\/wp-json\/wp\/v2\/comments?post=514"}],"version-history":[{"count":8,"href":"https:\/\/gedankenstark.de\/en\/wp-json\/wp\/v2\/pages\/514\/revisions"}],"predecessor-version":[{"id":584,"href":"https:\/\/gedankenstark.de\/en\/wp-json\/wp\/v2\/pages\/514\/revisions\/584"}],"wp:attachment":[{"href":"https:\/\/gedankenstark.de\/en\/wp-json\/wp\/v2\/media?parent=514"}],"curies":[{"name":"wp","href":"https:\/\/api.w.org\/{rel}","templated":true}]}}